{"id":764,"date":"2020-02-12T13:13:58","date_gmt":"2020-02-12T16:13:58","guid":{"rendered":"https:\/\/www.envasescentral.cl\/?page_id=764"},"modified":"2024-02-02T17:29:40","modified_gmt":"2024-02-02T20:29:40","slug":"bebidas","status":"publish","type":"page","link":"http:\/\/34.224.160.187\/?page_id=764","title":{"rendered":"Bebidas"},"content":{"rendered":"[vc_row css_animation=&#8221;&#8221; row_type=&#8221;row&#8221; use_row_as_full_screen_section=&#8221;no&#8221; type=&#8221;grid&#8221; angled_section=&#8221;no&#8221; text_align=&#8221;center&#8221; background_image_as_pattern=&#8221;without_pattern&#8221; z_index=&#8221;&#8221; background_color=&#8221;#ffffff&#8221;][vc_column][vc_empty_space height=&#8221;50&#8243;][vc_row_inner row_type=&#8221;row&#8221; type=&#8221;full_width&#8221; text_align=&#8221;center&#8221; css_animation=&#8221;&#8221;][vc_column_inner width=&#8221;1\/2&#8243; offset=&#8221;vc_col-xs-3&#8243;][vc_single_image image=&#8221;553&#8243; alignment=&#8221;center&#8221; onclick=&#8221;custom_link&#8221; qode_css_animation=&#8221;&#8221; qode_hover_animation=&#8221;zoom_in&#8221; link=&#8221;https:\/\/www.envasescentral.cl\/?page_id=410&#8243;][\/vc_column_inner][vc_column_inner width=&#8221;1\/2&#8243; offset=&#8221;vc_col-xs-3&#8243;][vc_single_image image=&#8221;555&#8243; alignment=&#8221;center&#8221; onclick=&#8221;custom_link&#8221; qode_css_animation=&#8221;&#8221; qode_hover_animation=&#8221;zoom_in&#8221; link=&#8221;https:\/\/www.envasescentral.cl\/?page_id=764&#8243;][\/vc_column_inner][\/vc_row_inner][vc_empty_space height=&#8221;80&#8243;][\/vc_column][\/vc_row][vc_row css_animation=&#8221;&#8221; row_type=&#8221;row&#8221; use_row_as_full_screen_section=&#8221;no&#8221; type=&#8221;grid&#8221; angled_section=&#8221;no&#8221; text_align=&#8221;left&#8221; background_image_as_pattern=&#8221;without_pattern&#8221; z_index=&#8221;&#8221;][vc_column][vc_tta_pageable no_fill_content_area=&#8221;1&#8243; active_section=&#8221;1&#8243; pagination_style=&#8221;flat-round&#8221; pagination_color=&#8221;juicy-pink&#8221; tab_position=&#8221;top&#8221;][vc_tta_section title=&#8221;Coca Cola&#8221; tab_id=&#8221;1577040640915-c453beb5-2f7e&#8221;][vc_row_inner row_type=&#8221;row&#8221; type=&#8221;full_width&#8221; text_align=&#8221;left&#8221; css_animation=&#8221;&#8221;][vc_column_inner width=&#8221;1\/3&#8243;][vc_single_image image=&#8221;584&#8243; img_size=&#8221;242X380&#8243; alignment=&#8221;center&#8221; qode_css_animation=&#8221;&#8221;][\/vc_column_inner][vc_column_inner width=&#8221;2\/3&#8243;][vc_empty_space height=&#8221;40&#8243;][vc_column_text]\n<h3>coca cola sabor original<\/h3>\n[\/vc_column_text][vc_empty_space height=&#8221;20&#8243;][vc_column_text]\n<h2>Gu\u00eda diaria de alimentaci\u00f3n (GDA)<\/h2>\n<p>Cada porci\u00f3n de 1 vaso (200 ml) contiene:[\/vc_column_text][vc_empty_space height=&#8221;20&#8243;][vc_single_image image=&#8221;586&#8243; img_size=&#8221;300X91&#8243; qode_css_animation=&#8221;&#8221;][vc_empty_space height=&#8221;20&#8243;][vc_column_text]\n<h2>Ingredientes<\/h2>\n<p>Agua carbonatada, az\u00facar, color caramelo, \u00e1cido fosf\u00f3rico, saborizantes naturales y cafe\u00edna.[\/vc_column_text][\/vc_column_inner][\/vc_row_inner][\/vc_tta_section][vc_tta_section title=&#8221;Coca Cola sabor liviano&#8221; tab_id=&#8221;1577056095727-5b0b4a20-0371&#8243;][vc_row_inner row_type=&#8221;row&#8221; type=&#8221;full_width&#8221; text_align=&#8221;left&#8221; css_animation=&#8221;&#8221;][vc_column_inner width=&#8221;1\/3&#8243;][vc_single_image image=&#8221;587&#8243; img_size=&#8221;242X380&#8243; alignment=&#8221;center&#8221; qode_css_animation=&#8221;&#8221;][\/vc_column_inner][vc_column_inner width=&#8221;2\/3&#8243;][vc_empty_space height=&#8221;40&#8243;][vc_column_text]\n<h3>coca cola sabor liviano<\/h3>\n[\/vc_column_text][vc_empty_space height=&#8221;20&#8243;][vc_column_text]\n<h2>Gu\u00eda diaria de alimentaci\u00f3n (GDA)<\/h2>\n<p>Cada porci\u00f3n de 1 vaso (200 ml) contiene:[\/vc_column_text][vc_empty_space height=&#8221;20&#8243;][vc_single_image image=&#8221;588&#8243; img_size=&#8221;300X91&#8243; qode_css_animation=&#8221;&#8221;][vc_empty_space height=&#8221;20&#8243;][vc_column_text]\n<h2>Ingredientes<\/h2>\n<p>Agua carbonatada, color caramelo, \u00e1cido fosf\u00f3rico, saborizantes naturales,\u00a0<b>Aspartamo<\/b>, Benzoato de Sodio,\u00a0<b>Acesulfamo de Potasio<\/b>, cafe\u00edna y \u00e1cido c\u00edtrico.\u00a0<b>Fenilceton\u00faricos: contiene fenilalanina.<\/b>[\/vc_column_text][\/vc_column_inner][\/vc_row_inner][\/vc_tta_section][vc_tta_section title=&#8221;Coca Cola sin azucar&#8221; tab_id=&#8221;1577050346336-dffd6e86-f375&#8243;][vc_row_inner row_type=&#8221;row&#8221; type=&#8221;full_width&#8221; text_align=&#8221;left&#8221; css_animation=&#8221;&#8221;][vc_column_inner width=&#8221;1\/3&#8243;][vc_single_image image=&#8221;589&#8243; img_size=&#8221;242X380&#8243; alignment=&#8221;center&#8221; qode_css_animation=&#8221;&#8221;][\/vc_column_inner][vc_column_inner width=&#8221;2\/3&#8243;][vc_empty_space height=&#8221;40&#8243;][vc_column_text]\n<h3>coca cola sin az\u00facar<\/h3>\n[\/vc_column_text][vc_empty_space height=&#8221;20&#8243;][vc_column_text]\n<h2>Gu\u00eda diaria de alimentaci\u00f3n (GDA)<\/h2>\n<p>Cada porci\u00f3n de 1 vaso (200 ml) contiene:[\/vc_column_text][vc_empty_space height=&#8221;20&#8243;][vc_single_image image=&#8221;590&#8243; img_size=&#8221;300X91&#8243; qode_css_animation=&#8221;&#8221;][vc_empty_space height=&#8221;20&#8243;][vc_column_text]\n<h2>Ingredientes<\/h2>\n<p>Agua carbonatada, color caramelo, \u00e1cido fosf\u00f3rico, aspartamo, saborizantes naturales, benzoato de sodio, acesulfamo de potasio, citrato de sodio, cafe\u00edna.<br \/>\n<b>Fenilceton\u00faricos: contiene fenilalanina.<\/b>[\/vc_column_text][\/vc_column_inner][\/vc_row_inner][\/vc_tta_section][vc_tta_section title=&#8221;Sprite&#8221; tab_id=&#8221;1577050662354-12ed228d-92e8&#8243;][vc_row_inner row_type=&#8221;row&#8221; type=&#8221;full_width&#8221; text_align=&#8221;left&#8221; css_animation=&#8221;&#8221;][vc_column_inner width=&#8221;1\/3&#8243;][vc_single_image image=&#8221;591&#8243; img_size=&#8221;242X380&#8243; alignment=&#8221;center&#8221; qode_css_animation=&#8221;&#8221;][\/vc_column_inner][vc_column_inner width=&#8221;2\/3&#8243;][vc_empty_space height=&#8221;40&#8243;][vc_column_text]\n<h3>sprite<\/h3>\n[\/vc_column_text][vc_empty_space height=&#8221;20&#8243;][vc_column_text]\n<h2>Gu\u00eda diaria de alimentaci\u00f3n (GDA)<\/h2>\n<p>Cada porci\u00f3n de 1 vaso (200 ml) contiene:[\/vc_column_text][vc_empty_space height=&#8221;20&#8243;][vc_single_image image=&#8221;592&#8243; img_size=&#8221;300X91&#8243; qode_css_animation=&#8221;&#8221;][vc_empty_space height=&#8221;20&#8243;][vc_column_text]\n<h2>Ingredientes<\/h2>\n<p>Agua carbonatada, az\u00facar, \u00e1cido c\u00edtrico, saborizante natural, citrato de sodio, benzoato de sodio, SUCRALOSA y ACESULFAMO DE POTASIO.[\/vc_column_text][\/vc_column_inner][\/vc_row_inner][\/vc_tta_section][vc_tta_section title=&#8221;Sprite Zero&#8221; tab_id=&#8221;1577050416156-b6dd25a1-4e39&#8243;][vc_row_inner row_type=&#8221;row&#8221; type=&#8221;full_width&#8221; text_align=&#8221;left&#8221; css_animation=&#8221;&#8221;][vc_column_inner width=&#8221;1\/3&#8243;][vc_single_image image=&#8221;593&#8243; img_size=&#8221;242X380&#8243; alignment=&#8221;center&#8221; qode_css_animation=&#8221;&#8221;][\/vc_column_inner][vc_column_inner width=&#8221;2\/3&#8243;][vc_empty_space height=&#8221;40&#8243;][vc_column_text]\n<h3>sprite ZERO<\/h3>\n[\/vc_column_text][vc_empty_space height=&#8221;20&#8243;][vc_column_text]\n<h2>Gu\u00eda diaria de alimentaci\u00f3n (GDA)<\/h2>\n<p>Cada porci\u00f3n de 1 vaso (200 ml) contiene:[\/vc_column_text][vc_empty_space height=&#8221;20&#8243;][vc_single_image image=&#8221;594&#8243; img_size=&#8221;300X91&#8243; qode_css_animation=&#8221;&#8221;][vc_empty_space height=&#8221;20&#8243;][vc_column_text]\n<h2>Ingredientes<\/h2>\n<p>Agua carbonatada, \u00e1cido c\u00edtrico, saborizantes naturales, citrato de sodio, Aspartamo, benzoato de sodio y Acesulfamo de Potasio. Fenilceton\u00faricos: contiene fenilalanina.[\/vc_column_text][\/vc_column_inner][\/vc_row_inner][\/vc_tta_section][vc_tta_section title=&#8221;Fanta&#8221; tab_id=&#8221;1577051949781-a17f3a4f-dc11&#8243;][vc_row_inner row_type=&#8221;row&#8221; type=&#8221;full_width&#8221; text_align=&#8221;left&#8221; css_animation=&#8221;&#8221;][vc_column_inner width=&#8221;1\/3&#8243;][vc_single_image image=&#8221;595&#8243; img_size=&#8221;242X380&#8243; alignment=&#8221;center&#8221; qode_css_animation=&#8221;&#8221;][\/vc_column_inner][vc_column_inner width=&#8221;2\/3&#8243;][vc_empty_space height=&#8221;40&#8243;][vc_column_text]\n<h3>fanta<\/h3>\n[\/vc_column_text][vc_empty_space height=&#8221;20&#8243;][vc_column_text]\n<h2>Gu\u00eda diaria de alimentaci\u00f3n (GDA)<\/h2>\n<p>Cada porci\u00f3n de 1 vaso (200 ml) contiene:[\/vc_column_text][vc_empty_space height=&#8221;20&#8243;][vc_single_image image=&#8221;596&#8243; img_size=&#8221;300X91&#8243; qode_css_animation=&#8221;&#8221;][vc_empty_space height=&#8221;20&#8243;][vc_column_text]\n<h2>Ingredientes<\/h2>\n<p>Agua carbonatada, az\u00facar, \u00e1cido c\u00edtrico, saborizantes natural y artificial, SUCRALOSA, almid\u00f3n modificado, benzoato de sodio, ACESULFAMO DE POTASIO, gluconato de Sodio, S.A.I.B., AMARILLO CREPUSCULO, rojo allura AC, DSS y BHA.[\/vc_column_text][\/vc_column_inner][\/vc_row_inner][\/vc_tta_section][vc_tta_section title=&#8221;Fanta Zero&#8221; tab_id=&#8221;1577050767476-af6f6e06-9afd&#8221;][vc_row_inner row_type=&#8221;row&#8221; type=&#8221;full_width&#8221; text_align=&#8221;left&#8221; css_animation=&#8221;&#8221;][vc_column_inner width=&#8221;1\/3&#8243;][vc_single_image image=&#8221;597&#8243; img_size=&#8221;242X380&#8243; alignment=&#8221;center&#8221; qode_css_animation=&#8221;&#8221;][\/vc_column_inner][vc_column_inner width=&#8221;2\/3&#8243;][vc_empty_space height=&#8221;40&#8243;][vc_column_text]\n<h3>fanta ZERO<\/h3>\n[\/vc_column_text][vc_empty_space height=&#8221;20&#8243;][vc_column_text]\n<h2>Gu\u00eda diaria de alimentaci\u00f3n (GDA)<\/h2>\n<p>Cada porci\u00f3n de 1 vaso (200 ml) contiene:[\/vc_column_text][vc_empty_space height=&#8221;20&#8243;][vc_single_image image=&#8221;598&#8243; img_size=&#8221;medium&#8221; qode_css_animation=&#8221;&#8221;][vc_empty_space height=&#8221;20&#8243;][vc_column_text]\n<h2>Ingredientes<\/h2>\n<p>Agua carbonatada, \u00e1cido c\u00edtrico, citrato de sodio, sorbato de potasio, aspartamo, goma acacia, saborizantes naturales e id\u00e9ntico al natural, benzoato de sodio, Acesulfamo de Potasio, SAIB, \u00e1cido asc\u00f3rbico (vtamina C), Amarillo crep\u00fasculo, EDTA, DSS y rojo allura AC. Fenilceton\u00faricos: contiene fenilalanina.[\/vc_column_text][\/vc_column_inner][\/vc_row_inner][\/vc_tta_section][vc_tta_section title=&#8221;Quatro&#8221; tab_id=&#8221;1578239827133-b4c2a75b-5544&#8243;][vc_row_inner row_type=&#8221;row&#8221; type=&#8221;full_width&#8221; text_align=&#8221;left&#8221; css_animation=&#8221;&#8221;][vc_column_inner width=&#8221;1\/3&#8243;][vc_single_image image=&#8221;599&#8243; img_size=&#8221;242X380&#8243; alignment=&#8221;center&#8221; qode_css_animation=&#8221;&#8221;][\/vc_column_inner][vc_column_inner width=&#8221;2\/3&#8243;][vc_empty_space height=&#8221;40&#8243;][vc_column_text]\n<h3>quatro pomelo ZERO<\/h3>\n[\/vc_column_text][vc_empty_space height=&#8221;20&#8243;][vc_column_text]\n<h2>Gu\u00eda diaria de alimentaci\u00f3n (GDA)<\/h2>\n<p>Cada porci\u00f3n de 1 vaso (200 ml) contiene:[\/vc_column_text][vc_empty_space height=&#8221;20&#8243;][vc_single_image image=&#8221;600&#8243; img_size=&#8221;300X91&#8243; qode_css_animation=&#8221;&#8221;][vc_empty_space height=&#8221;20&#8243;][vc_column_text]\n<h2>Ingredientes<\/h2>\n<p>Agua carbonatada, \u00e1cido c\u00edtrico, aspartamo, benzoato de sodio, acesulfamo de potasio, saborizantes naturales e id\u00e9nticos al natural, almid\u00f3n modificado, polifosfato de sodio, SAIB, goma \u00e9ster, goma ar\u00e1biga, DSS, Tartrazina y rojo allura AC. Fenilceton\u00faricos: contiene fenilalanina.[\/vc_column_text][\/vc_column_inner][\/vc_row_inner][\/vc_tta_section][vc_tta_section title=&#8221;Nordic Ginger&#8221; tab_id=&#8221;1578240080354-d20e7965-a39a&#8221;][vc_row_inner row_type=&#8221;row&#8221; type=&#8221;full_width&#8221; text_align=&#8221;left&#8221; css_animation=&#8221;&#8221;][vc_column_inner width=&#8221;1\/3&#8243;][vc_single_image image=&#8221;601&#8243; img_size=&#8221;242X380&#8243; alignment=&#8221;center&#8221; qode_css_animation=&#8221;&#8221;][\/vc_column_inner][vc_column_inner width=&#8221;2\/3&#8243;][vc_empty_space height=&#8221;40&#8243;][vc_column_text]\n<h3>nordic ginger ale<\/h3>\n[\/vc_column_text][vc_empty_space height=&#8221;20&#8243;][vc_column_text]\n<h2>Gu\u00eda diaria de alimentaci\u00f3n (GDA)<\/h2>\n<p>Cada lata de 350 ml contiene:[\/vc_column_text][vc_empty_space height=&#8221;20&#8243;][vc_single_image image=&#8221;603&#8243; img_size=&#8221;medium&#8221; qode_css_animation=&#8221;&#8221;][vc_empty_space height=&#8221;20&#8243;][vc_column_text]\n<h2>Ingredientes<\/h2>\n<p>Agua Carbonatada, Az\u00facar, \u00c1cido C\u00edtrico, Saborizantes Naturales, Benzoato de Sodio, Citrato de Sodio, Cloruro de Sodio,ACESULFAMO K, Color Caramelo, SUCRALOSA[\/vc_column_text][\/vc_column_inner][\/vc_row_inner][\/vc_tta_section][vc_tta_section title=&#8221;nordic zero&#8221; tab_id=&#8221;1578240350883-cd72b9a7-e4cb&#8221;][vc_row_inner row_type=&#8221;row&#8221; type=&#8221;full_width&#8221; text_align=&#8221;left&#8221; css_animation=&#8221;&#8221;][vc_column_inner width=&#8221;1\/3&#8243;][vc_single_image image=&#8221;604&#8243; img_size=&#8221;242X380&#8243; alignment=&#8221;center&#8221; qode_css_animation=&#8221;&#8221;][\/vc_column_inner][vc_column_inner width=&#8221;2\/3&#8243;][vc_empty_space height=&#8221;40&#8243;][vc_column_text]\n<h3>nordic zero ginger ale<\/h3>\n[\/vc_column_text][vc_empty_space height=&#8221;20&#8243;][vc_column_text]\n<h2>Gu\u00eda diaria de alimentaci\u00f3n (GDA)<\/h2>\n<p>Cada lata de 350 ml contiene:[\/vc_column_text][vc_empty_space height=&#8221;20&#8243;][vc_single_image image=&#8221;605&#8243; img_size=&#8221;300X91&#8243; qode_css_animation=&#8221;&#8221;][vc_empty_space height=&#8221;20&#8243;][vc_column_text]\n<h2>Ingredientes<\/h2>\n<p>Agua Carbonatada, \u00c1cido C\u00edtrico, Saborizantes Naturales, Benzoato de Sodio, ACESULFAMO K, Quinina, SUCRALOSA.[\/vc_column_text][\/vc_column_inner][\/vc_row_inner][\/vc_tta_section][vc_tta_section title=&#8221;nordic zero&#8221; tab_id=&#8221;1578240475867-5d74ad5d-7c0c&#8221;][vc_row_inner row_type=&#8221;row&#8221; type=&#8221;full_width&#8221; text_align=&#8221;left&#8221; css_animation=&#8221;&#8221;][vc_column_inner width=&#8221;1\/3&#8243;][vc_single_image image=&#8221;606&#8243; img_size=&#8221;242X380&#8243; alignment=&#8221;center&#8221; qode_css_animation=&#8221;&#8221;][\/vc_column_inner][vc_column_inner width=&#8221;2\/3&#8243;][vc_empty_space height=&#8221;40&#8243;][vc_column_text]\n<h3>nordic agua t\u00f3nica<\/h3>\n[\/vc_column_text][vc_empty_space height=&#8221;20&#8243;][vc_column_text]\n<h2>Gu\u00eda diaria de alimentaci\u00f3n (GDA)<\/h2>\n<p>Cada lata de 350 ml contiene:[\/vc_column_text][vc_empty_space height=&#8221;20&#8243;][vc_single_image image=&#8221;603&#8243; img_size=&#8221;medium&#8221; qode_css_animation=&#8221;&#8221;][vc_empty_space height=&#8221;20&#8243;][vc_column_text]\n<h2>Ingredientes<\/h2>\n<p>Agua Carbonatada, Az\u00facar, \u00c1cido C\u00edtrico, Saborizantes Naturales, Benzoato de Sodio, ACESULFAMO K, Quinina, SUCRALOSA.[\/vc_column_text][\/vc_column_inner][\/vc_row_inner][\/vc_tta_section][\/vc_tta_pageable][\/vc_column][\/vc_row]\n","protected":false},"excerpt":{"rendered":"<p>[vc_row css_animation=&#8221;&#8221; row_type=&#8221;row&#8221; use_row_as_full_screen_section=&#8221;no&#8221; type=&#8221;grid&#8221; angled_section=&#8221;no&#8221; text_align=&#8221;center&#8221; background_image_as_pattern=&#8221;without_pattern&#8221; z_index=&#8221;&#8221; background_color=&#8221;#ffffff&#8221;][vc_column][vc_empty_space height=&#8221;50&#8243;][vc_row_inner row_type=&#8221;row&#8221; type=&#8221;full_width&#8221; text_align=&#8221;center&#8221; css_animation=&#8221;&#8221;][vc_column_inner width=&#8221;1\/2&#8243; offset=&#8221;vc_col-xs-3&#8243;][vc_single_image image=&#8221;553&#8243; alignment=&#8221;center&#8221; onclick=&#8221;custom_link&#8221; qode_css_animation=&#8221;&#8221; qode_hover_animation=&#8221;zoom_in&#8221; link=&#8221;https:\/\/www.envasescentral.cl\/?page_id=410&#8243;][\/vc_column_inner][vc_column_inner width=&#8221;1\/2&#8243; offset=&#8221;vc_col-xs-3&#8243;][vc_single_image image=&#8221;555&#8243; alignment=&#8221;center&#8221; onclick=&#8221;custom_link&#8221; qode_css_animation=&#8221;&#8221; qode_hover_animation=&#8221;zoom_in&#8221; link=&#8221;https:\/\/www.envasescentral.cl\/?page_id=764&#8243;][\/vc_column_inner][\/vc_row_inner][vc_empty_space height=&#8221;80&#8243;][\/vc_column][\/vc_row][vc_row css_animation=&#8221;&#8221; row_type=&#8221;row&#8221; use_row_as_full_screen_section=&#8221;no&#8221; type=&#8221;grid&#8221; angled_section=&#8221;no&#8221; text_align=&#8221;left&#8221; background_image_as_pattern=&#8221;without_pattern&#8221; z_index=&#8221;&#8221;][vc_column][vc_tta_pageable no_fill_content_area=&#8221;1&#8243; active_section=&#8221;1&#8243; pagination_style=&#8221;flat-round&#8221; pagination_color=&#8221;juicy-pink&#8221; tab_position=&#8221;top&#8221;][vc_tta_section&#8230;<\/p>\n","protected":false},"author":1,"featured_media":0,"parent":0,"menu_order":0,"comment_status":"closed","ping_status":"closed","template":"full_width.php","meta":{"footnotes":""},"class_list":["post-764","page","type-page","status-publish","hentry"],"_links":{"self":[{"href":"http:\/\/34.224.160.187\/index.php?rest_route=\/wp\/v2\/pages\/764","targetHints":{"allow":["GET"]}}],"collection":[{"href":"http:\/\/34.224.160.187\/index.php?rest_route=\/wp\/v2\/pages"}],"about":[{"href":"http:\/\/34.224.160.187\/index.php?rest_route=\/wp\/v2\/types\/page"}],"author":[{"embeddable":true,"href":"http:\/\/34.224.160.187\/index.php?rest_route=\/wp\/v2\/users\/1"}],"replies":[{"embeddable":true,"href":"http:\/\/34.224.160.187\/index.php?rest_route=%2Fwp%2Fv2%2Fcomments&post=764"}],"version-history":[{"count":12,"href":"http:\/\/34.224.160.187\/index.php?rest_route=\/wp\/v2\/pages\/764\/revisions"}],"predecessor-version":[{"id":975,"href":"http:\/\/34.224.160.187\/index.php?rest_route=\/wp\/v2\/pages\/764\/revisions\/975"}],"wp:attachment":[{"href":"http:\/\/34.224.160.187\/index.php?rest_route=%2Fwp%2Fv2%2Fmedia&parent=764"}],"curies":[{"name":"wp","href":"https:\/\/api.w.org\/{rel}","templated":true}]}}