{"id":71,"date":"2019-12-11T18:11:57","date_gmt":"2019-12-11T21:11:57","guid":{"rendered":"http:\/\/localhost:8888\/andina\/?page_id=71"},"modified":"2020-02-27T11:14:29","modified_gmt":"2020-02-27T14:14:29","slug":"conocenos","status":"publish","type":"page","link":"http:\/\/34.224.160.187\/?page_id=71","title":{"rendered":"Con\u00f3cenos"},"content":{"rendered":"[vc_row row_type=&#8221;parallax&#8221; parallax_content_width=&#8221;in_grid&#8221; text_align=&#8221;left&#8221; full_screen_section_height=&#8221;no&#8221; background_image=&#8221;878&#8243;][vc_column][vc_row_inner row_type=&#8221;row&#8221; type=&#8221;grid&#8221; text_align=&#8221;left&#8221; css_animation=&#8221;&#8221;][vc_column_inner width=&#8221;1\/3&#8243; css=&#8221;.vc_custom_1582810302536{padding-right: 30px !important;padding-bottom: 30px !important;}&#8221;][vc_column_text]<strong>Envase Central<\/strong> se ha ido ajustando a las necesidades de nuestros exigentes consumidores. Liderando como una de las empresas de alimentos mas prestigiosas del mercado.[\/vc_column_text][\/vc_column_inner][vc_column_inner width=&#8221;1\/3&#8243; css=&#8221;.vc_custom_1582810312271{padding-right: 30px !important;padding-bottom: 30px !important;}&#8221;][vc_column_text]En mayo de 1994 se crea <strong>Envases Central S.A.<\/strong> con el objetivo de elaborar, enlatar y envasar todo tipo de bebidas gaseosas. En enero de 1995 comienza la construcci\u00f3n de la planta en ubicada en la comuna de Renca, en terrenos pertenecientes a <strong>Embotelladora Andina.<\/strong>[\/vc_column_text][\/vc_column_inner][vc_column_inner width=&#8221;1\/3&#8243;][vc_column_text]Actualmente nuestra empresa se produce 75 productos con la cooperaci\u00f3n y trabajo de 157 colaboradores, quienes son parte fundamental para cumplir con las expectativas y exigencias de nuestros clientes.[\/vc_column_text][\/vc_column_inner][\/vc_row_inner][vc_empty_space][vc_separator type=&#8221;small&#8221; position=&#8221;center&#8221; color=&#8221;#c9c9c9&#8243; thickness=&#8221;1&#8243; width=&#8221;1000&#8243;][vc_row_inner row_type=&#8221;row&#8221; type=&#8221;grid&#8221; text_align=&#8221;center&#8221; css_animation=&#8221;&#8221;][vc_column_inner][vc_column_text]\n\t\t\t<section id=\"cd-timeline\" style=\"opacity: 0;\" class=\"cd-container timeline-express \" >\n\n\t\t\t\n<div id=\"mayo-1994\" class=\"cd-timeline-block febrero 27 1994 announcement-no-image announcement-867 icon-small-dot container-style-default\" data-container-animation=\"bounce-in\" data-icon-animation=\"bounce-in\">\n\n\t\n\t\t<div class=\"cd-timeline-img cd-picture icon-no-readmore\" style=\"background:#b22929;\">\n\n\t\t\t<!-- Custom Action Hook -->\n\n\t\t\t\n\t\t\t\t<!-- Standard Font Awesome Icon -->\n\n\t\t\t\t<span class=\"fa fa-exclamation-triangle\" title=\"MAYO 1994\"><\/span>\n\n\t\t\t\n\t\t<\/div> <!-- cd-timeline-img -->\n\t\n\t<!-- Timeline Content -->\n\t<div class=\"cd-timeline-content\">\n\n\t\t\n\t\t<!-- Announcement Title -->\n\t\t<div class=\"cd-timeline-title-container\">\n\n\t\t\t\n\t\t\t<h2 class=\"cd-timeline-item-title\">\n\t\t\t\tMAYO 1994\t\t\t<\/h2>\n\n\t\t\t\t\t<\/div>\n\t\t<!-- End Announcement Title -->\n\n\t\t\n\t\t<!-- Announcement Excerpt -->\n\t\t<div class=\"the-excerpt\">\n\t\t\t<p>Se crea Envases Central S.A. con el objetivo de elaborar, enlatar y envasar todo tipo de bebidas gaseosas. La estructura societaria de ECSA es : Andina 59,27%, Embonor 34,31% y Coca Cola 6,42%.<\/p>\n\t\t<\/div>\n\t\t<!-- End Announcement Excerpt -->\n\n\t\t\n\t<\/div>\n\t<!-- End Timeline Content -->\n\n\t\n<\/div>\n<!-- End Timeline Block -->\n\n<div id=\"enero-1995\" class=\"cd-timeline-block enero 01 1995 announcement-no-image announcement-868 icon-small-dot container-style-default\" data-container-animation=\"bounce-in\" data-icon-animation=\"bounce-in\">\n\n\t\n\t\t<div class=\"cd-timeline-img cd-picture icon-no-readmore\" style=\"background:#dd3333;\">\n\n\t\t\t<!-- Custom Action Hook -->\n\n\t\t\t\n\t\t\t\t<!-- Standard Font Awesome Icon -->\n\n\t\t\t\t<span class=\"fa fa-exclamation-triangle\" title=\"ENERO 1995\"><\/span>\n\n\t\t\t\n\t\t<\/div> <!-- cd-timeline-img -->\n\t\n\t<!-- Timeline Content -->\n\t<div class=\"cd-timeline-content\">\n\n\t\t\n\t\t<!-- Announcement Title -->\n\t\t<div class=\"cd-timeline-title-container\">\n\n\t\t\t\n\t\t\t<h2 class=\"cd-timeline-item-title\">\n\t\t\t\tENERO 1995\t\t\t<\/h2>\n\n\t\t\t\t\t<\/div>\n\t\t<!-- End Announcement Title -->\n\n\t\t\n\t\t<!-- Announcement Excerpt -->\n\t\t<div class=\"the-excerpt\">\n\t\t\t<p>Se autoriza la construcci\u00f3n de la planta en Renca, en terrenos pertenecientes a Embotelladora Andina. En febrero 1996 estos terrenos fueron adquiridos por ECSA a EASA.<\/p>\n\t\t<\/div>\n\t\t<!-- End Announcement Excerpt -->\n\n\t\t\n\t<\/div>\n\t<!-- End Timeline Content -->\n\n\t\n<\/div>\n<!-- End Timeline Block -->\n\n<div id=\"abril-1995\" class=\"cd-timeline-block junio 12 1997 announcement-no-image announcement-870 icon-small-dot container-style-default\" data-container-animation=\"bounce-in\" data-icon-animation=\"bounce-in\">\n\n\t\n\t\t<div class=\"cd-timeline-img cd-picture icon-no-readmore\" style=\"background:#ff823a;\">\n\n\t\t\t<!-- Custom Action Hook -->\n\n\t\t\t\n\t\t\t\t<!-- Standard Font Awesome Icon -->\n\n\t\t\t\t<span class=\"fa fa-exclamation-triangle\" title=\"ABRIL 1995\"><\/span>\n\n\t\t\t\n\t\t<\/div> <!-- cd-timeline-img -->\n\t\n\t<!-- Timeline Content -->\n\t<div class=\"cd-timeline-content\">\n\n\t\t\n\t\t<!-- Announcement Title -->\n\t\t<div class=\"cd-timeline-title-container\">\n\n\t\t\t\n\t\t\t<h2 class=\"cd-timeline-item-title\">\n\t\t\t\tABRIL 1995\t\t\t<\/h2>\n\n\t\t\t\t\t<\/div>\n\t\t<!-- End Announcement Title -->\n\n\t\t\n\t\t<!-- Announcement Excerpt -->\n\t\t<div class=\"the-excerpt\">\n\t\t\t<p>Comienza la operaci\u00f3n con la primera l\u00ednea de enlatado. Durante el a\u00f1o 1997 se incorpora una segunda l\u00ednea de enlatado.<\/p>\n\t\t<\/div>\n\t\t<!-- End Announcement Excerpt -->\n\n\t\t\n\t<\/div>\n\t<!-- End Timeline Content -->\n\n\t\n<\/div>\n<!-- End Timeline Block -->\n\n<div id=\"diciemrbre-2001\" class=\"cd-timeline-block diciembre 27 2001 announcement-no-image announcement-871 icon-small-dot container-style-default\" data-container-animation=\"bounce-in\" data-icon-animation=\"bounce-in\">\n\n\t\n\t\t<div class=\"cd-timeline-img cd-picture icon-no-readmore\" style=\"background:#ffc43a;\">\n\n\t\t\t<!-- Custom Action Hook -->\n\n\t\t\t\n\t\t\t\t<!-- Standard Font Awesome Icon -->\n\n\t\t\t\t<span class=\"fa fa-exclamation-triangle\" title=\"DICIEMRBRE 2001\"><\/span>\n\n\t\t\t\n\t\t<\/div> <!-- cd-timeline-img -->\n\t\n\t<!-- Timeline Content -->\n\t<div class=\"cd-timeline-content\">\n\n\t\t\n\t\t<!-- Announcement Title -->\n\t\t<div class=\"cd-timeline-title-container\">\n\n\t\t\t\n\t\t\t<h2 class=\"cd-timeline-item-title\">\n\t\t\t\tDICIEMRBRE 2001\t\t\t<\/h2>\n\n\t\t\t\t\t<\/div>\n\t\t<!-- End Announcement Title -->\n\n\t\t\n\t\t<!-- Announcement Excerpt -->\n\t\t<div class=\"the-excerpt\">\n\t\t\t<p>Se transforma una de las l\u00edneas de enlatado en l\u00ednea para llenar botellas PET.<\/p>\n\t\t<\/div>\n\t\t<!-- End Announcement Excerpt -->\n\n\t\t\n\t<\/div>\n\t<!-- End Timeline Content -->\n\n\t\n<\/div>\n<!-- End Timeline Block -->\n\n<div id=\"julio-2009\" class=\"cd-timeline-block febrero 27 2009 announcement-no-image announcement-872 icon-small-dot container-style-default\" data-container-animation=\"bounce-in\" data-icon-animation=\"bounce-in\">\n\n\t\n\t\t<div class=\"cd-timeline-img cd-picture icon-no-readmore\" style=\"background:#f4f738;\">\n\n\t\t\t<!-- Custom Action Hook -->\n\n\t\t\t\n\t\t\t\t<!-- Standard Font Awesome Icon -->\n\n\t\t\t\t<span class=\"fa fa-exclamation-triangle\" title=\"JULIO 2009\"><\/span>\n\n\t\t\t\n\t\t<\/div> <!-- cd-timeline-img -->\n\t\n\t<!-- Timeline Content -->\n\t<div class=\"cd-timeline-content\">\n\n\t\t\n\t\t<!-- Announcement Title -->\n\t\t<div class=\"cd-timeline-title-container\">\n\n\t\t\t\n\t\t\t<h2 class=\"cd-timeline-item-title\">\n\t\t\t\tJULIO 2009\t\t\t<\/h2>\n\n\t\t\t\t\t<\/div>\n\t\t<!-- End Announcement Title -->\n\n\t\t\n\t\t<!-- Announcement Excerpt -->\n\t\t<div class=\"the-excerpt\">\n\t\t\t<p>Se comienza el envasado en botellas PET de AQUARIUS.<\/p>\n\t\t<\/div>\n\t\t<!-- End Announcement Excerpt -->\n\n\t\t\n\t<\/div>\n\t<!-- End Timeline Content -->\n\n\t\n<\/div>\n<!-- End Timeline Block -->\n\n<div id=\"2016\" class=\"cd-timeline-block febrero 27 2016 announcement-no-image announcement-873 icon-small-dot container-style-default\" data-container-animation=\"bounce-in\" data-icon-animation=\"bounce-in\">\n\n\t\n\t\t<div class=\"cd-timeline-img cd-picture icon-no-readmore\" style=\"background:#cdff3a;\">\n\n\t\t\t<!-- Custom Action Hook -->\n\n\t\t\t\n\t\t\t\t<!-- Standard Font Awesome Icon -->\n\n\t\t\t\t<span class=\"fa fa-exclamation-triangle\" title=\"2016\"><\/span>\n\n\t\t\t\n\t\t<\/div> <!-- cd-timeline-img -->\n\t\n\t<!-- Timeline Content -->\n\t<div class=\"cd-timeline-content\">\n\n\t\t\n\t\t<!-- Announcement Title -->\n\t\t<div class=\"cd-timeline-title-container\">\n\n\t\t\t\n\t\t\t<h2 class=\"cd-timeline-item-title\">\n\t\t\t\t2016\t\t\t<\/h2>\n\n\t\t\t\t\t<\/div>\n\t\t<!-- End Announcement Title -->\n\n\t\t\n\t\t<!-- Announcement Excerpt -->\n\t\t<div class=\"the-excerpt\">\n\t\t\t<p>Se da inicio a las O.O.C.C. para ampliaci\u00f3n de la planta. Objetivo: Fabricar, elaborar y envasar jugos as\u00e9pticos .<\/p>\n\t\t<\/div>\n\t\t<!-- End Announcement Excerpt -->\n\n\t\t\n\t<\/div>\n\t<!-- End Timeline Content -->\n\n\t\n<\/div>\n<!-- End Timeline Block -->\n\n<div id=\"marzo-2018\" class=\"cd-timeline-block febrero 27 2018 announcement-no-image announcement-874 icon-small-dot container-style-default\" data-container-animation=\"bounce-in\" data-icon-animation=\"bounce-in\">\n\n\t\n\t\t<div class=\"cd-timeline-img cd-picture icon-no-readmore\" style=\"background:#6bff3a;\">\n\n\t\t\t<!-- Custom Action Hook -->\n\n\t\t\t\n\t\t\t\t<!-- Standard Font Awesome Icon -->\n\n\t\t\t\t<span class=\"fa fa-exclamation-triangle\" title=\"MARZO 2018\"><\/span>\n\n\t\t\t\n\t\t<\/div> <!-- cd-timeline-img -->\n\t\n\t<!-- Timeline Content -->\n\t<div class=\"cd-timeline-content\">\n\n\t\t\n\t\t<!-- Announcement Title -->\n\t\t<div class=\"cd-timeline-title-container\">\n\n\t\t\t\n\t\t\t<h2 class=\"cd-timeline-item-title\">\n\t\t\t\tMARZO 2018\t\t\t<\/h2>\n\n\t\t\t\t\t<\/div>\n\t\t<!-- End Announcement Title -->\n\n\t\t\n\t\t<!-- Announcement Excerpt -->\n\t\t<div class=\"the-excerpt\">\n\t\t\t<p>Se efect\u00faa el primer envasado de jugo as\u00e9ptico.<\/p>\n\t\t<\/div>\n\t\t<!-- End Announcement Excerpt -->\n\n\t\t\n\t<\/div>\n\t<!-- End Timeline Content -->\n\n\t\n<\/div>\n<!-- End Timeline Block -->\n\n<div id=\"julio-2019\" class=\"cd-timeline-block julio 27 2019 announcement-no-image announcement-875 icon-small-dot container-style-default\" data-container-animation=\"bounce-in\" data-icon-animation=\"bounce-in\">\n\n\t\n\t\t<div class=\"cd-timeline-img cd-picture icon-no-readmore\" style=\"background:#3affb7;\">\n\n\t\t\t<!-- Custom Action Hook -->\n\n\t\t\t\n\t\t\t\t<!-- Standard Font Awesome Icon -->\n\n\t\t\t\t<span class=\"fa fa-exclamation-triangle\" title=\"JULIO 2019\"><\/span>\n\n\t\t\t\n\t\t<\/div> <!-- cd-timeline-img -->\n\t\n\t<!-- Timeline Content -->\n\t<div class=\"cd-timeline-content\">\n\n\t\t\n\t\t<!-- Announcement Title -->\n\t\t<div class=\"cd-timeline-title-container\">\n\n\t\t\t\n\t\t\t<h2 class=\"cd-timeline-item-title\">\n\t\t\t\tJULIO 2019\t\t\t<\/h2>\n\n\t\t\t\t\t<\/div>\n\t\t<!-- End Announcement Title -->\n\n\t\t\n\t\t<!-- Announcement Excerpt -->\n\t\t<div class=\"the-excerpt\">\n\t\t\t<p>Se efect\u00faa el primer enlatado de MONSTER, bebida energ\u00e9tica.<\/p>\n\t\t<\/div>\n\t\t<!-- End Announcement Excerpt -->\n\n\t\t\n\t<\/div>\n\t<!-- End Timeline Content -->\n\n\t\n<\/div>\n<!-- End Timeline Block -->\n\n\t\t\t<\/section>\n\n\t\t\t<!-- Timeline Express Pro v2.3.0 | Site: https:\/\/www.wp-timelineexpress.com | Author: Code Parrots - http:\/\/www.codeparrots.com -->[\/vc_column_text][\/vc_column_inner][\/vc_row_inner][vc_empty_space][\/vc_column][\/vc_row][vc_row css_animation=&#8221;&#8221; row_type=&#8221;row&#8221; use_row_as_full_screen_section=&#8221;no&#8221; type=&#8221;grid&#8221; angled_section=&#8221;no&#8221; text_align=&#8221;left&#8221; background_image_as_pattern=&#8221;without_pattern&#8221; z_index=&#8221;&#8221; background_color=&#8221;#f7f7f7&#8243; css=&#8221;.vc_custom_1581525998209{padding-bottom: 50px !important;}&#8221;][vc_column offset=&#8221;vc_col-xs-12&#8243;][vc_row_inner row_type=&#8221;row&#8221; type=&#8221;grid&#8221; text_align=&#8221;left&#8221; css_animation=&#8221;&#8221; css=&#8221;.vc_custom_1582810330590{padding-top: 50px !important;}&#8221;][vc_column_inner width=&#8221;1\/3&#8243; css=&#8221;.vc_custom_1581537341483{padding-left: 30px !important;}&#8221;][vc_column_text css=&#8221;.vc_custom_1581431347120{padding-bottom: 25px !important;}&#8221;]\n<h1>MISI\u00d3N<\/h1>\n[\/vc_column_text][vc_column_text css=&#8221;.vc_custom_1581431310285{padding-bottom: 30px !important;}&#8221;]Envases Central S.A. Asegura que los productos y servicios que entrega satisfacen los requerimientos de sus clientes y consumidores con la m\u00e1s alta calidad e inocuidad, cuidando la preservaci\u00f3n del medio ambiente y la salud y seguridad de sus trabajadores, incluyendo a terceros contratistas y cumpliendo con todas las leyes y reglamentaciones aplicables siempre. Adem\u00e1s de cumplir con las normativas de Coca Cola Company (KORE) y Pol\u00edticas Corporativas EASA, para la continuidad del negocio.[\/vc_column_text][\/vc_column_inner][vc_column_inner width=&#8221;1\/3&#8243; css=&#8221;.vc_custom_1581537237680{padding-left: 30px !important;}&#8221;][vc_column_text css=&#8221;.vc_custom_1581431331176{padding-bottom: 25px !important;}&#8221;]\n<h1>VISI\u00d3N<\/h1>\n[\/vc_column_text][vc_column_text]\uf0a7 Ser l\u00edderes reconocidos en la producci\u00f3n, comercializaci\u00f3n y distribuci\u00f3n de los productos de The Coca-Cola Company.<\/p>\n<p>\uf0a7 Ser expertos en la producci\u00f3n, comercializaci\u00f3n y distribuci\u00f3n de bebidas no alcoh\u00f3licas.<\/p>\n<p>\uf0a7 Mantener una preocupaci\u00f3n permanente por las necesidades de clientes y consumidores.<\/p>\n<p>\uf0a7 Traspasar el conocimiento e innovaci\u00f3n local a trav\u00e9s de nuestra red internacional.<\/p>\n[\/vc_column_text][\/vc_column_inner][vc_column_inner width=&#8221;1\/3&#8243; css=&#8221;.vc_custom_1581537316305{padding-left: 30px !important;}&#8221;][vc_empty_space height=&#8221;60px&#8221;][vc_column_text css=&#8221;.vc_custom_1581537406761{padding-bottom: 30px !important;}&#8221;]\uf0a7 Establecer un ambiente laboral que fomente el trabajo en equipo, motive a nuestros empleados y produzca un desarrollo continuo de las destrezas y del desempe\u00f1o de nuestra gente.<\/p>\n<p>\uf0a7 Crear valor consistente y sustentable para los Accionistas.<\/p>\n<p>\uf0a7 Mantener y acrecentar nuestro prestigio en todos los sectores de las comunidades que Operamos[\/vc_column_text][\/vc_column_inner][\/vc_row_inner][vc_row_inner row_type=&#8221;row&#8221; type=&#8221;full_width&#8221; text_align=&#8221;left&#8221; css_animation=&#8221;&#8221;][vc_column_inner width=&#8221;1\/3&#8243;][\/vc_column_inner][vc_column_inner width=&#8221;1\/3&#8243;][vc_single_image image=&#8221;643&#8243; img_size=&#8221;180&#215;85&#8243; alignment=&#8221;center&#8221; qode_css_animation=&#8221;&#8221;][\/vc_column_inner][vc_column_inner width=&#8221;1\/3&#8243;][\/vc_column_inner][\/vc_row_inner][\/vc_column][\/vc_row]\n","protected":false},"excerpt":{"rendered":"<p>[vc_row row_type=&#8221;parallax&#8221; parallax_content_width=&#8221;in_grid&#8221; text_align=&#8221;left&#8221; full_screen_section_height=&#8221;no&#8221; background_image=&#8221;878&#8243;][vc_column][vc_row_inner row_type=&#8221;row&#8221; type=&#8221;grid&#8221; text_align=&#8221;left&#8221; css_animation=&#8221;&#8221;][vc_column_inner width=&#8221;1\/3&#8243; css=&#8221;.vc_custom_1582810302536{padding-right: 30px !important;padding-bottom: 30px !important;}&#8221;][vc_column_text]Envase Central se ha ido ajustando a las necesidades de nuestros exigentes consumidores. Liderando como una de las empresas de alimentos mas prestigiosas del mercado.[\/vc_column_text][\/vc_column_inner][vc_column_inner width=&#8221;1\/3&#8243; css=&#8221;.vc_custom_1582810312271{padding-right: 30px !important;padding-bottom: 30px !important;}&#8221;][vc_column_text]En mayo de 1994 se crea Envases Central S.A. con el objetivo de elaborar, enlatar y envasar todo tipo de bebidas gaseosas. En enero de 1995 comienza la construcci\u00f3n de la planta en ubicada en la comuna de Renca, en terrenos pertenecientes a Embotelladora Andina.[\/vc_column_text][\/vc_column_inner][vc_column_inner width=&#8221;1\/3&#8243;][vc_column_text]Actualmente nuestra empresa se produce 75 productos con la cooperaci\u00f3n<\/p>\n","protected":false},"author":1,"featured_media":0,"parent":0,"menu_order":0,"comment_status":"closed","ping_status":"closed","template":"full_width.php","meta":{"footnotes":""},"class_list":["post-71","page","type-page","status-publish","hentry"],"_links":{"self":[{"href":"http:\/\/34.224.160.187\/index.php?rest_route=\/wp\/v2\/pages\/71","targetHints":{"allow":["GET"]}}],"collection":[{"href":"http:\/\/34.224.160.187\/index.php?rest_route=\/wp\/v2\/pages"}],"about":[{"href":"http:\/\/34.224.160.187\/index.php?rest_route=\/wp\/v2\/types\/page"}],"author":[{"embeddable":true,"href":"http:\/\/34.224.160.187\/index.php?rest_route=\/wp\/v2\/users\/1"}],"replies":[{"embeddable":true,"href":"http:\/\/34.224.160.187\/index.php?rest_route=%2Fwp%2Fv2%2Fcomments&post=71"}],"version-history":[{"count":13,"href":"http:\/\/34.224.160.187\/index.php?rest_route=\/wp\/v2\/pages\/71\/revisions"}],"predecessor-version":[{"id":880,"href":"http:\/\/34.224.160.187\/index.php?rest_route=\/wp\/v2\/pages\/71\/revisions\/880"}],"wp:attachment":[{"href":"http:\/\/34.224.160.187\/index.php?rest_route=%2Fwp%2Fv2%2Fmedia&parent=71"}],"curies":[{"name":"wp","href":"https:\/\/api.w.org\/{rel}","templated":true}]}}