{"id":410,"date":"2019-12-27T14:17:02","date_gmt":"2019-12-27T17:17:02","guid":{"rendered":"http:\/\/localhost:8888\/andina\/?page_id=410"},"modified":"2024-02-02T17:31:29","modified_gmt":"2024-02-02T20:31:29","slug":"andina-del-valle","status":"publish","type":"page","link":"http:\/\/34.224.160.187\/?page_id=410","title":{"rendered":"Andina del Valle"},"content":{"rendered":"[vc_row css_animation=&#8221;&#8221; row_type=&#8221;row&#8221; use_row_as_full_screen_section=&#8221;no&#8221; type=&#8221;grid&#8221; angled_section=&#8221;no&#8221; text_align=&#8221;center&#8221; background_image_as_pattern=&#8221;without_pattern&#8221; z_index=&#8221;&#8221; background_color=&#8221;#ffffff&#8221;][vc_column][vc_empty_space height=&#8221;50&#8243;][vc_row_inner row_type=&#8221;row&#8221; type=&#8221;full_width&#8221; text_align=&#8221;center&#8221; css_animation=&#8221;&#8221;][vc_column_inner width=&#8221;1\/2&#8243; offset=&#8221;vc_col-xs-3&#8243;][vc_single_image image=&#8221;553&#8243; alignment=&#8221;center&#8221; onclick=&#8221;custom_link&#8221; qode_css_animation=&#8221;&#8221; qode_hover_animation=&#8221;zoom_in&#8221; link=&#8221;https:\/\/www.envasescentral.cl\/?page_id=410&#8243;][\/vc_column_inner][vc_column_inner width=&#8221;1\/2&#8243; offset=&#8221;vc_col-xs-3&#8243;][vc_single_image image=&#8221;555&#8243; alignment=&#8221;center&#8221; onclick=&#8221;custom_link&#8221; qode_css_animation=&#8221;&#8221; qode_hover_animation=&#8221;zoom_in&#8221; link=&#8221;https:\/\/www.envasescentral.cl\/?page_id=764&#8243;][\/vc_column_inner][\/vc_row_inner][vc_empty_space height=&#8221;80&#8243;][\/vc_column][\/vc_row][vc_row css_animation=&#8221;&#8221; row_type=&#8221;row&#8221; use_row_as_full_screen_section=&#8221;no&#8221; type=&#8221;grid&#8221; angled_section=&#8221;no&#8221; text_align=&#8221;left&#8221; background_image_as_pattern=&#8221;without_pattern&#8221; z_index=&#8221;&#8221;][vc_column][vc_tta_pageable no_fill_content_area=&#8221;1&#8243; active_section=&#8221;1&#8243; pagination_style=&#8221;flat-round&#8221; pagination_color=&#8221;juicy-pink&#8221; tab_position=&#8221;top&#8221;][vc_tta_section title=&#8221;damasco&#8221; tab_id=&#8221;1577040640915-c453beb5-2f7e&#8221;][vc_row_inner row_type=&#8221;row&#8221; type=&#8221;full_width&#8221; text_align=&#8221;left&#8221; css_animation=&#8221;&#8221;][vc_column_inner width=&#8221;1\/3&#8243;][vc_single_image image=&#8221;616&#8243; img_size=&#8221;large&#8221; alignment=&#8221;center&#8221; qode_css_animation=&#8221;&#8221;][\/vc_column_inner][vc_column_inner width=&#8221;2\/3&#8243;][vc_empty_space height=&#8221;60&#8243;][vc_column_text]\n<h3>ANDINA DEL VALLE DAMASCO<\/h3>\n[\/vc_column_text][vc_empty_space height=&#8221;20&#8243;][vc_column_text]\n<h2>Gu\u00eda diaria de alimentaci\u00f3n (GDA)<\/h2>\n<p>Cada porci\u00f3n de 1 vaso (200 ml) contiene:[\/vc_column_text][vc_empty_space height=&#8221;20&#8243;][vc_single_image image=&#8221;737&#8243; img_size=&#8221;243&#215;104&#8243; qode_css_animation=&#8221;&#8221;][vc_empty_space height=&#8221;20&#8243;][vc_column_text]\n<h2>Ingredientes<\/h2>\n<p>Agua, pulpa de damasco, \u00e1zucar, carboximetilcelulosa, \u00e1cido c\u00edtrico, saborizante id\u00e9ntico al natural y artificial, sorbato de potasio, sucralosa<b>,\u00a0<\/b>\u00e1cido asc\u00f3rbico, pectina, edta dis\u00f3dico c\u00e1lcico y dimitilpolisiloxano.[\/vc_column_text][\/vc_column_inner][\/vc_row_inner][\/vc_tta_section][vc_tta_section title=&#8221;durazno&#8221; tab_id=&#8221;1577040640957-5ae217be-7306&#8243;][vc_row_inner row_type=&#8221;row&#8221; type=&#8221;full_width&#8221; text_align=&#8221;left&#8221; css_animation=&#8221;&#8221;][vc_column_inner width=&#8221;1\/3&#8243;][vc_single_image image=&#8221;617&#8243; img_size=&#8221;large&#8221; alignment=&#8221;center&#8221; qode_css_animation=&#8221;&#8221;][\/vc_column_inner][vc_column_inner width=&#8221;2\/3&#8243;][vc_empty_space height=&#8221;60&#8243;][vc_column_text]\n<h3>ANDINA DEL VALLE DURAZNO<\/h3>\n[\/vc_column_text][vc_empty_space height=&#8221;20&#8243;][vc_column_text]\n<h2>Gu\u00eda diaria de alimentaci\u00f3n (GDA)<\/h2>\n<p>Cada porci\u00f3n de 1 vaso (200 ml) contiene:[\/vc_column_text][vc_empty_space height=&#8221;20&#8243;][vc_single_image image=&#8221;738&#8243; img_size=&#8221;243&#215;104&#8243; qode_css_animation=&#8221;&#8221;][vc_empty_space height=&#8221;20&#8243;][vc_column_text]\n<h2>Ingredientes<\/h2>\n<p>Agua, pulpa de durazno, \u00e1zucar, carboximetilcelulosa, \u00e1cido c\u00edtrico, \u00e1cido asc\u00f3rbico, saborizante id\u00e9ntico al natural y artificial,\u00a0<b>sucralosa<\/b>, pectina y dimetilpolisiloxano.[\/vc_column_text][\/vc_column_inner][\/vc_row_inner][\/vc_tta_section][vc_tta_section title=&#8221;naranja&#8221; tab_id=&#8221;1577630397857-4ba8f8f8-eb72&#8243;][vc_row_inner row_type=&#8221;row&#8221; type=&#8221;full_width&#8221; text_align=&#8221;left&#8221; css_animation=&#8221;&#8221;][vc_column_inner width=&#8221;1\/3&#8243;][vc_single_image image=&#8221;618&#8243; img_size=&#8221;large&#8221; alignment=&#8221;center&#8221; qode_css_animation=&#8221;&#8221;][\/vc_column_inner][vc_column_inner width=&#8221;2\/3&#8243;][vc_empty_space height=&#8221;60&#8243;][vc_column_text]\n<h3>ANDINA DEL VALLE NARANJA<\/h3>\n[\/vc_column_text][vc_empty_space height=&#8221;20&#8243;][vc_column_text]\n<h2>Gu\u00eda diaria de alimentaci\u00f3n (GDA)<\/h2>\n<p>Cada porci\u00f3n de 1 vaso (200 ml) contiene:[\/vc_column_text][vc_empty_space height=&#8221;20&#8243;][vc_single_image image=&#8221;734&#8243; img_size=&#8221;300&#215;91&#8243; qode_css_animation=&#8221;&#8221;][vc_empty_space height=&#8221;20&#8243;][vc_column_text]\n<h2>Ingredientes<\/h2>\n<p>Agua, jugo concentrado de naranja, \u00e1zucar, goma xanthan, \u00e1cido c\u00edtrico, CMC, sorbato de potasio, \u00e1cido asc\u00f3rbico, citrato de sodio, saborizante id\u00e9ntico al natural, goma \u00e9ster,\u00a0<b>sucralosa<\/b>, goma ar\u00e1biga, edta dis\u00f3dico c\u00e1lcico, betacaroteno y dimetilpolisiloxano.[\/vc_column_text][\/vc_column_inner][\/vc_row_inner][\/vc_tta_section][vc_tta_section title=&#8221;pina&#8221; tab_id=&#8221;1577630583793-ada38aef-bc1d&#8221;][vc_row_inner row_type=&#8221;row&#8221; type=&#8221;full_width&#8221; text_align=&#8221;left&#8221; css_animation=&#8221;&#8221;][vc_column_inner width=&#8221;1\/3&#8243;][vc_single_image image=&#8221;619&#8243; img_size=&#8221;large&#8221; alignment=&#8221;center&#8221; qode_css_animation=&#8221;&#8221;][\/vc_column_inner][vc_column_inner width=&#8221;2\/3&#8243;][vc_empty_space height=&#8221;60&#8243;][vc_column_text]\n<h3>ANDINA DEL VALLE PI\u00d1A<\/h3>\n[\/vc_column_text][vc_empty_space height=&#8221;20&#8243;][vc_column_text]\n<h2>Gu\u00eda diaria de alimentaci\u00f3n (GDA)<\/h2>\n<p>Cada porci\u00f3n de 1 vaso (200 ml) contiene:[\/vc_column_text][vc_empty_space height=&#8221;20&#8243;][vc_single_image image=&#8221;735&#8243; img_size=&#8221;300&#215;91&#8243; qode_css_animation=&#8221;&#8221;][vc_empty_space height=&#8221;20&#8243;][vc_column_text]\n<h2>Ingredientes<\/h2>\n<p>Agua, jugo concentrado de pi\u00f1a, \u00e1zucar, \u00e1cido c\u00edtrico, pectina, \u00e1cido asc\u00f3rbico, sorbato de potasio, benzoato de sodio,\u00a0<b>sucralosa<\/b>, saborizante id\u00e9ntico natural y artificial.[\/vc_column_text][\/vc_column_inner][\/vc_row_inner][\/vc_tta_section][vc_tta_section title=&#8221;manzana&#8221; tab_id=&#8221;1578247634142-49d4ce0c-7cf8&#8243;][vc_row_inner row_type=&#8221;row&#8221; type=&#8221;full_width&#8221; text_align=&#8221;left&#8221; css_animation=&#8221;&#8221;][vc_column_inner width=&#8221;1\/3&#8243;][vc_single_image image=&#8221;620&#8243; img_size=&#8221;large&#8221; alignment=&#8221;center&#8221; qode_css_animation=&#8221;&#8221;][\/vc_column_inner][vc_column_inner width=&#8221;2\/3&#8243;][vc_empty_space height=&#8221;60&#8243;][vc_column_text]\n<h3>ANDINA DEL VALLE MANZANA<\/h3>\n[\/vc_column_text][vc_empty_space height=&#8221;20&#8243;][vc_column_text]\n<h2>Gu\u00eda diaria de alimentaci\u00f3n (GDA)<\/h2>\n<p>Cada porci\u00f3n de 1 vaso (200 ml) contiene:[\/vc_column_text][vc_empty_space height=&#8221;20&#8243;][vc_single_image image=&#8221;736&#8243; img_size=&#8221;300&#215;91&#8243; qode_css_animation=&#8221;&#8221;][vc_empty_space height=&#8221;20&#8243;][vc_column_text]\n<h2>Ingredientes<\/h2>\n<p>Agua, pulpa de manzana, \u00e1zucar, \u00e1cido m\u00e1lico, citrato de sodio, goma guar, saborizante id\u00e9ntico natural, sorbato de potasio, \u00e1cido asc\u00f3rbico,\u00a0<b>sucralosa<\/b>, \u00e1cido c\u00edtrico y edta dis\u00f3dico c\u00e1lcico.[\/vc_column_text][\/vc_column_inner][\/vc_row_inner][\/vc_tta_section][vc_tta_section title=&#8221;DURAZNO LIGHT&#8221; tab_id=&#8221;1578247952130-6372eb38-a5fb&#8221;][vc_row_inner row_type=&#8221;row&#8221; type=&#8221;full_width&#8221; text_align=&#8221;left&#8221; css_animation=&#8221;&#8221;][vc_column_inner width=&#8221;1\/3&#8243;][vc_single_image image=&#8221;624&#8243; img_size=&#8221;large&#8221; alignment=&#8221;center&#8221; qode_css_animation=&#8221;&#8221;][\/vc_column_inner][vc_column_inner width=&#8221;2\/3&#8243;][vc_empty_space height=&#8221;60&#8243;][vc_column_text]\n<h3>ANDINA DEL VALLE DURAZNO LIGHT<\/h3>\n[\/vc_column_text][vc_empty_space height=&#8221;20&#8243;][vc_column_text]\n<h2>Gu\u00eda diaria de alimentaci\u00f3n (GDA)<\/h2>\n<p>Cada porci\u00f3n de 1 vaso (200 ml) contiene:[\/vc_column_text][vc_empty_space height=&#8221;20&#8243;][vc_single_image image=&#8221;625&#8243; img_size=&#8221;300&#215;91&#8243; qode_css_animation=&#8221;&#8221;][vc_empty_space height=&#8221;20&#8243;][vc_column_text]\n<h2>Ingredientes<\/h2>\n<p>Agua, pulpa concentrada de durazno, cmc s\u00f3dica, \u00e1cido asc\u00f3rbico, \u00e1cido c\u00edtrico, saborizante id\u00e9ntico natural, goma xanthan, sucralosa, sorbato de potasio, citrato de sodio, edta dis\u00f3dico c\u00e1lcico, dimetilpolisiloxano, betacaroteno.[\/vc_column_text][\/vc_column_inner][\/vc_row_inner][\/vc_tta_section][vc_tta_section title=&#8221;Naranja LIGHT&#8221; tab_id=&#8221;1578248085600-b20828c5-82aa&#8221;][vc_row_inner row_type=&#8221;row&#8221; type=&#8221;full_width&#8221; text_align=&#8221;left&#8221; css_animation=&#8221;&#8221;][vc_column_inner width=&#8221;1\/3&#8243;][vc_single_image image=&#8221;626&#8243; img_size=&#8221;large&#8221; alignment=&#8221;center&#8221; qode_css_animation=&#8221;&#8221;][\/vc_column_inner][vc_column_inner width=&#8221;2\/3&#8243;][vc_empty_space height=&#8221;60&#8243;][vc_column_text]\n<h3>ANDINA DEL VALLE NARANJA LIGHT<\/h3>\n[\/vc_column_text][vc_empty_space height=&#8221;20&#8243;][vc_column_text]\n<h2>Gu\u00eda diaria de alimentaci\u00f3n (GDA)<\/h2>\n<p>Cada porci\u00f3n de 1 vaso (200 ml) contiene:[\/vc_column_text][vc_empty_space height=&#8221;20&#8243;][vc_single_image image=&#8221;627&#8243; img_size=&#8221;300&#215;91&#8243; qode_css_animation=&#8221;&#8221;][vc_empty_space height=&#8221;20&#8243;][vc_column_text]\n<h2>Ingredientes<\/h2>\n<p>Agua, jugo concentrado de naranja, saborizante natural e id\u00e9ntico natural, \u00e1cido c\u00edtrico, \u00e1cido asc\u00f3rbico, goma xanthan, citrato de sodio, sorbato de potasio, cmc s\u00f3dica, sucralosa, edta dis\u00f3dico c\u00e1lcico, dimetilpolisiloxano, betacaroteno.[\/vc_column_text][\/vc_column_inner][\/vc_row_inner][\/vc_tta_section][vc_tta_section title=&#8221;pi\u00f1a light&#8221; tab_id=&#8221;1578248223627-3f1ce2cc-9066&#8243;][vc_row_inner row_type=&#8221;row&#8221; type=&#8221;full_width&#8221; text_align=&#8221;left&#8221; css_animation=&#8221;&#8221;][vc_column_inner width=&#8221;1\/3&#8243;][vc_single_image image=&#8221;628&#8243; img_size=&#8221;large&#8221; alignment=&#8221;center&#8221; qode_css_animation=&#8221;&#8221;][\/vc_column_inner][vc_column_inner width=&#8221;2\/3&#8243;][vc_empty_space height=&#8221;60&#8243;][vc_column_text]\n<h3>ANDINA DEL VALLE PI\u00d1A LIGHT<\/h3>\n[\/vc_column_text][vc_empty_space height=&#8221;20&#8243;][vc_column_text]\n<h2>Gu\u00eda diaria de alimentaci\u00f3n (GDA)<\/h2>\n<p>Cada porci\u00f3n de 1 vaso (200 ml) contiene:[\/vc_column_text][vc_empty_space height=&#8221;20&#8243;][vc_single_image image=&#8221;629&#8243; img_size=&#8221;300&#215;91&#8243; qode_css_animation=&#8221;&#8221;][vc_empty_space height=&#8221;20&#8243;][vc_column_text]\n<h2>Ingredientes<\/h2>\n<p>Agua, jugo concentrado de pi\u00f1a, cmc s\u00f3dica, \u00e1cido asc\u00f3rbico, goma xanthan, \u00e1cido c\u00edtrico, sucralosa, saborizante id\u00e9ntico natural y artificial, sorbato de potasio, citrato de sodio, color caramelo, edta dis\u00f3dico c\u00e1lcico, dimetilpolisiloxano.[\/vc_column_text][\/vc_column_inner][\/vc_row_inner][\/vc_tta_section][\/vc_tta_pageable][\/vc_column][\/vc_row]\n","protected":false},"excerpt":{"rendered":"<p>[vc_row css_animation=&#8221;&#8221; row_type=&#8221;row&#8221; use_row_as_full_screen_section=&#8221;no&#8221; type=&#8221;grid&#8221; angled_section=&#8221;no&#8221; text_align=&#8221;center&#8221; background_image_as_pattern=&#8221;without_pattern&#8221; z_index=&#8221;&#8221; background_color=&#8221;#ffffff&#8221;][vc_column][vc_empty_space height=&#8221;50&#8243;][vc_row_inner row_type=&#8221;row&#8221; type=&#8221;full_width&#8221; text_align=&#8221;center&#8221; css_animation=&#8221;&#8221;][vc_column_inner width=&#8221;1\/2&#8243; offset=&#8221;vc_col-xs-3&#8243;][vc_single_image image=&#8221;553&#8243; alignment=&#8221;center&#8221; onclick=&#8221;custom_link&#8221; qode_css_animation=&#8221;&#8221; qode_hover_animation=&#8221;zoom_in&#8221; link=&#8221;https:\/\/www.envasescentral.cl\/?page_id=410&#8243;][\/vc_column_inner][vc_column_inner width=&#8221;1\/2&#8243; offset=&#8221;vc_col-xs-3&#8243;][vc_single_image image=&#8221;555&#8243; alignment=&#8221;center&#8221; onclick=&#8221;custom_link&#8221; qode_css_animation=&#8221;&#8221; qode_hover_animation=&#8221;zoom_in&#8221; link=&#8221;https:\/\/www.envasescentral.cl\/?page_id=764&#8243;][\/vc_column_inner][\/vc_row_inner][vc_empty_space height=&#8221;80&#8243;][\/vc_column][\/vc_row][vc_row css_animation=&#8221;&#8221; row_type=&#8221;row&#8221; use_row_as_full_screen_section=&#8221;no&#8221; type=&#8221;grid&#8221; angled_section=&#8221;no&#8221; text_align=&#8221;left&#8221; background_image_as_pattern=&#8221;without_pattern&#8221; z_index=&#8221;&#8221;][vc_column][vc_tta_pageable no_fill_content_area=&#8221;1&#8243; active_section=&#8221;1&#8243; pagination_style=&#8221;flat-round&#8221; pagination_color=&#8221;juicy-pink&#8221; tab_position=&#8221;top&#8221;][vc_tta_section&#8230;<\/p>\n","protected":false},"author":1,"featured_media":0,"parent":0,"menu_order":0,"comment_status":"closed","ping_status":"closed","template":"full_width.php","meta":{"footnotes":""},"class_list":["post-410","page","type-page","status-publish","hentry"],"_links":{"self":[{"href":"http:\/\/34.224.160.187\/index.php?rest_route=\/wp\/v2\/pages\/410","targetHints":{"allow":["GET"]}}],"collection":[{"href":"http:\/\/34.224.160.187\/index.php?rest_route=\/wp\/v2\/pages"}],"about":[{"href":"http:\/\/34.224.160.187\/index.php?rest_route=\/wp\/v2\/types\/page"}],"author":[{"embeddable":true,"href":"http:\/\/34.224.160.187\/index.php?rest_route=\/wp\/v2\/users\/1"}],"replies":[{"embeddable":true,"href":"http:\/\/34.224.160.187\/index.php?rest_route=%2Fwp%2Fv2%2Fcomments&post=410"}],"version-history":[{"count":18,"href":"http:\/\/34.224.160.187\/index.php?rest_route=\/wp\/v2\/pages\/410\/revisions"}],"predecessor-version":[{"id":976,"href":"http:\/\/34.224.160.187\/index.php?rest_route=\/wp\/v2\/pages\/410\/revisions\/976"}],"wp:attachment":[{"href":"http:\/\/34.224.160.187\/index.php?rest_route=%2Fwp%2Fv2%2Fmedia&parent=410"}],"curies":[{"name":"wp","href":"https:\/\/api.w.org\/{rel}","templated":true}]}}